{"id":23,"date":"2015-02-04T11:04:37","date_gmt":"2015-02-04T11:04:37","guid":{"rendered":"http:\/\/galeriadosleoes.fba.up.pt\/?page_id=23"},"modified":"2018-01-04T10:47:38","modified_gmt":"2018-01-04T10:47:38","slug":"ficha-tecnica","status":"publish","type":"page","link":"https:\/\/galeriadosleoes.fba.up.pt\/?page_id=23","title":{"rendered":"Ficha T\u00e9cnica"},"content":{"rendered":"<p>O site da Galeria dos Le\u00f5es foi desenvolvido no \u00e2mbito da disciplina Web Design II do 4\u00ba ano da Licenciatura em Design de Comunica\u00e7\u00e3o da Faculdade de Belas Artes da Universidade do Porto, pelos alunos <a href=\"http:\/\/www.anfaernandes.com\"><strong>Ana Fernandes<\/strong><\/a> e <strong><a href=\"mailto:hlvlobo@gmail.com\">Hugo Lobo<\/a><\/strong>, sob supervis\u00e3o do professor Jorge Ribeiro.<\/p>\n","protected":false},"excerpt":{"rendered":"<p>O site da Galeria dos Le\u00f5es foi desenvolvido no \u00e2mbito da disciplina Web Design II do 4\u00ba ano da Licenciatura em Design de Comunica\u00e7\u00e3o da Faculdade de Belas Artes da Universidade do Porto, pelos alunos Ana Fernandes e Hugo Lobo, sob supervis\u00e3o do professor Jorge Ribeiro.<\/p>\n","protected":false},"author":1,"featured_media":0,"parent":0,"menu_order":0,"comment_status":"open","ping_status":"open","template":"","meta":{"footnotes":""},"class_list":["post-23","page","type-page","status-publish","hentry"],"_links":{"self":[{"href":"https:\/\/galeriadosleoes.fba.up.pt\/index.php?rest_route=\/wp\/v2\/pages\/23","targetHints":{"allow":["GET"]}}],"collection":[{"href":"https:\/\/galeriadosleoes.fba.up.pt\/index.php?rest_route=\/wp\/v2\/pages"}],"about":[{"href":"https:\/\/galeriadosleoes.fba.up.pt\/index.php?rest_route=\/wp\/v2\/types\/page"}],"author":[{"embeddable":true,"href":"https:\/\/galeriadosleoes.fba.up.pt\/index.php?rest_route=\/wp\/v2\/users\/1"}],"replies":[{"embeddable":true,"href":"https:\/\/galeriadosleoes.fba.up.pt\/index.php?rest_route=%2Fwp%2Fv2%2Fcomments&post=23"}],"version-history":[{"count":13,"href":"https:\/\/galeriadosleoes.fba.up.pt\/index.php?rest_route=\/wp\/v2\/pages\/23\/revisions"}],"predecessor-version":[{"id":532,"href":"https:\/\/galeriadosleoes.fba.up.pt\/index.php?rest_route=\/wp\/v2\/pages\/23\/revisions\/532"}],"wp:attachment":[{"href":"https:\/\/galeriadosleoes.fba.up.pt\/index.php?rest_route=%2Fwp%2Fv2%2Fmedia&parent=23"}],"curies":[{"name":"wp","href":"https:\/\/api.w.org\/{rel}","templated":true}]}}