{"id":12,"date":"2015-02-03T21:57:08","date_gmt":"2015-02-03T21:57:08","guid":{"rendered":"http:\/\/galeriadosleoes.fba.up.pt\/?page_id=12"},"modified":"2015-02-08T17:46:59","modified_gmt":"2015-02-08T17:46:59","slug":"contactos","status":"publish","type":"page","link":"https:\/\/galeriadosleoes.fba.up.pt\/?page_id=12","title":{"rendered":"Contactos"},"content":{"rendered":"<p>A Galeria dos Le\u00f5es situa-se no Edif\u00edcio da Reitoria, numa sala situada no prolongamento da Loja da U.Porto \u2014 Pra\u00e7a General Humberto Delgado, esquina entre a Pra\u00e7a dos Le\u00f5es e a Pra\u00e7a Parada Leit\u00e3o.<\/p>\n<p>A Galeria est\u00e1 aberta de Segunda a Sexta entre as 10 e as 19 horas.<\/p>\n<p>Galeria dos Le\u00f5es | Reitoria da U.Porto<br \/>\nPra\u00e7a Gomes Teixeira, s\/n<br \/>\n4099-002 Porto<br \/>\nPortugal<\/p>\n","protected":false},"excerpt":{"rendered":"<p>A Galeria dos Le\u00f5es situa-se no Edif\u00edcio da Reitoria, numa sala situada no prolongamento da Loja da U.Porto \u2014 Pra\u00e7a General Humberto Delgado, esquina entre a Pra\u00e7a dos Le\u00f5es e a Pra\u00e7a Parada Leit\u00e3o. A Galeria est\u00e1 aberta de Segunda a Sexta entre as 10 e as 19 horas. Galeria dos Le\u00f5es | Reitoria da [&hellip;]<\/p>\n","protected":false},"author":1,"featured_media":0,"parent":0,"menu_order":0,"comment_status":"open","ping_status":"open","template":"contact-custom-page.php","meta":{"footnotes":""},"class_list":["post-12","page","type-page","status-publish","hentry"],"_links":{"self":[{"href":"https:\/\/galeriadosleoes.fba.up.pt\/index.php?rest_route=\/wp\/v2\/pages\/12","targetHints":{"allow":["GET"]}}],"collection":[{"href":"https:\/\/galeriadosleoes.fba.up.pt\/index.php?rest_route=\/wp\/v2\/pages"}],"about":[{"href":"https:\/\/galeriadosleoes.fba.up.pt\/index.php?rest_route=\/wp\/v2\/types\/page"}],"author":[{"embeddable":true,"href":"https:\/\/galeriadosleoes.fba.up.pt\/index.php?rest_route=\/wp\/v2\/users\/1"}],"replies":[{"embeddable":true,"href":"https:\/\/galeriadosleoes.fba.up.pt\/index.php?rest_route=%2Fwp%2Fv2%2Fcomments&post=12"}],"version-history":[{"count":7,"href":"https:\/\/galeriadosleoes.fba.up.pt\/index.php?rest_route=\/wp\/v2\/pages\/12\/revisions"}],"predecessor-version":[{"id":418,"href":"https:\/\/galeriadosleoes.fba.up.pt\/index.php?rest_route=\/wp\/v2\/pages\/12\/revisions\/418"}],"wp:attachment":[{"href":"https:\/\/galeriadosleoes.fba.up.pt\/index.php?rest_route=%2Fwp%2Fv2%2Fmedia&parent=12"}],"curies":[{"name":"wp","href":"https:\/\/api.w.org\/{rel}","templated":true}]}}