{"id":10,"date":"2015-02-03T21:56:25","date_gmt":"2015-02-03T21:56:25","guid":{"rendered":"http:\/\/galeriadosleoes.fba.up.pt\/?page_id=10"},"modified":"2015-02-04T17:41:28","modified_gmt":"2015-02-04T17:41:28","slug":"sobre","status":"publish","type":"page","link":"https:\/\/galeriadosleoes.fba.up.pt\/?page_id=10","title":{"rendered":"Sobre"},"content":{"rendered":"<p>A Galeria dos Le\u00f5es \u00e9 um espa\u00e7o privilegiado de exposi\u00e7\u00e3o e de realiza\u00e7\u00e3o de iniciativas dos estudantes e docentes da FBAUP. A ambi\u00e7\u00e3o passa por criar uma proposta diferenciada na oferta cultural da cidade, dando a conhecer os talentos gerados.<\/p>\n<p>O projecto ter\u00e1 ainda uma importante vertente comercial. Nesse sentido, ser\u00e3o apresentados autores que, em diversas fases do seu percurso criativo, possam propor modos de olhar, ideias e objectos que tamb\u00e9m se possam adquirir.<\/p>\n","protected":false},"excerpt":{"rendered":"<p>A Galeria dos Le\u00f5es \u00e9 um espa\u00e7o privilegiado de exposi\u00e7\u00e3o e de realiza\u00e7\u00e3o de iniciativas dos estudantes e docentes da FBAUP. A ambi\u00e7\u00e3o passa por criar uma proposta diferenciada na oferta cultural da cidade, dando a conhecer os talentos gerados. O projecto ter\u00e1 ainda uma importante vertente comercial. Nesse sentido, ser\u00e3o apresentados autores que, em [&hellip;]<\/p>\n","protected":false},"author":1,"featured_media":0,"parent":0,"menu_order":0,"comment_status":"open","ping_status":"open","template":"","meta":{"footnotes":""},"class_list":["post-10","page","type-page","status-publish","hentry"],"_links":{"self":[{"href":"https:\/\/galeriadosleoes.fba.up.pt\/index.php?rest_route=\/wp\/v2\/pages\/10","targetHints":{"allow":["GET"]}}],"collection":[{"href":"https:\/\/galeriadosleoes.fba.up.pt\/index.php?rest_route=\/wp\/v2\/pages"}],"about":[{"href":"https:\/\/galeriadosleoes.fba.up.pt\/index.php?rest_route=\/wp\/v2\/types\/page"}],"author":[{"embeddable":true,"href":"https:\/\/galeriadosleoes.fba.up.pt\/index.php?rest_route=\/wp\/v2\/users\/1"}],"replies":[{"embeddable":true,"href":"https:\/\/galeriadosleoes.fba.up.pt\/index.php?rest_route=%2Fwp%2Fv2%2Fcomments&post=10"}],"version-history":[{"count":4,"href":"https:\/\/galeriadosleoes.fba.up.pt\/index.php?rest_route=\/wp\/v2\/pages\/10\/revisions"}],"predecessor-version":[{"id":237,"href":"https:\/\/galeriadosleoes.fba.up.pt\/index.php?rest_route=\/wp\/v2\/pages\/10\/revisions\/237"}],"wp:attachment":[{"href":"https:\/\/galeriadosleoes.fba.up.pt\/index.php?rest_route=%2Fwp%2Fv2%2Fmedia&parent=10"}],"curies":[{"name":"wp","href":"https:\/\/api.w.org\/{rel}","templated":true}]}}